{"id":8,"date":"2015-07-26T16:46:34","date_gmt":"2015-07-26T20:46:34","guid":{"rendered":"http:\/\/campingstemmanuel.com\/?page_id=8"},"modified":"2025-05-25T17:22:09","modified_gmt":"2025-05-25T21:22:09","slug":"a-propos","status":"publish","type":"page","link":"https:\/\/campingstemmanuel.com\/?page_id=8","title":{"rendered":"Carte des emplacements \/ Calendrier des activit\u00e9s \/ R\u00e8glements"},"content":{"rendered":"\n<figure class=\"wp-block-image size-large\"><a href=\"\/wp-content\/uploads\/2019\/06\/CAMPING-MAP-2-1.jpg\"><img loading=\"lazy\" width=\"2964\" height=\"2168\" src=\"\/wp-content\/uploads\/2019\/06\/CAMPING-MAP-2-1.jpg\" alt=\"\" class=\"wp-image-199\" srcset=\"\/wp-content\/uploads\/2019\/06\/CAMPING-MAP-2-1.jpg 2964w, \/wp-content\/uploads\/2019\/06\/CAMPING-MAP-2-1-300x219.jpg 300w, \/wp-content\/uploads\/2019\/06\/CAMPING-MAP-2-1-768x562.jpg 768w, \/wp-content\/uploads\/2019\/06\/CAMPING-MAP-2-1-1024x749.jpg 1024w\" sizes=\"(max-width: 2964px) 100vw, 2964px\" \/><\/a><\/figure>\n\n\n\n<figure class=\"wp-container-2 wp-block-gallery-1 wp-block-gallery has-nested-images columns-default is-cropped\">\n<figure class=\"wp-block-image size-large\"><a href=\"\/wp-content\/uploads\/2025\/05\/FullSizeRender-4-scaled.jpeg\"><img loading=\"lazy\" width=\"1024\" height=\"643\" data-id=\"355\"  src=\"\/wp-content\/uploads\/2025\/05\/FullSizeRender-4-1024x643.jpeg\" alt=\"\" class=\"wp-image-355\" srcset=\"\/wp-content\/uploads\/2025\/05\/FullSizeRender-4-1024x643.jpeg 1024w, \/wp-content\/uploads\/2025\/05\/FullSizeRender-4-300x188.jpeg 300w, \/wp-content\/uploads\/2025\/05\/FullSizeRender-4-768x482.jpeg 768w, \/wp-content\/uploads\/2025\/05\/FullSizeRender-4-1536x964.jpeg 1536w, \/wp-content\/uploads\/2025\/05\/FullSizeRender-4-2048x1286.jpeg 2048w\" sizes=\"(max-width: 1024px) 100vw, 1024px\" \/><\/a><\/figure>\n\n\n\n<figure class=\"wp-block-image size-large\"><a href=\"\/wp-content\/uploads\/2025\/05\/FullSizeRender-scaled.jpeg\"><img loading=\"lazy\" width=\"1024\" height=\"764\" data-id=\"351\"  src=\"\/wp-content\/uploads\/2025\/05\/FullSizeRender-1024x764.jpeg\" alt=\"\" class=\"wp-image-351\" srcset=\"\/wp-content\/uploads\/2025\/05\/FullSizeRender-1024x764.jpeg 1024w, \/wp-content\/uploads\/2025\/05\/FullSizeRender-300x224.jpeg 300w, \/wp-content\/uploads\/2025\/05\/FullSizeRender-768x573.jpeg 768w, \/wp-content\/uploads\/2025\/05\/FullSizeRender-1536x1147.jpeg 1536w, \/wp-content\/uploads\/2025\/05\/FullSizeRender-2048x1529.jpeg 2048w\" sizes=\"(max-width: 1024px) 100vw, 1024px\" \/><\/a><\/figure>\n\n\n\n<figure class=\"wp-block-image size-large\"><a href=\"\/wp-content\/uploads\/2025\/05\/FullSizeRender-5-scaled.jpeg\"><img loading=\"lazy\" width=\"1024\" height=\"780\" data-id=\"356\"  src=\"\/wp-content\/uploads\/2025\/05\/FullSizeRender-5-1024x780.jpeg\" alt=\"\" class=\"wp-image-356\" srcset=\"\/wp-content\/uploads\/2025\/05\/FullSizeRender-5-1024x780.jpeg 1024w, \/wp-content\/uploads\/2025\/05\/FullSizeRender-5-300x228.jpeg 300w, \/wp-content\/uploads\/2025\/05\/FullSizeRender-5-768x585.jpeg 768w, \/wp-content\/uploads\/2025\/05\/FullSizeRender-5-1536x1170.jpeg 1536w, \/wp-content\/uploads\/2025\/05\/FullSizeRender-5-2048x1559.jpeg 2048w\" sizes=\"(max-width: 1024px) 100vw, 1024px\" \/><\/a><\/figure>\n\n\n\n<figure class=\"wp-block-image size-large\"><a href=\"\/wp-content\/uploads\/2025\/05\/FullSizeRender-1-scaled.jpeg\"><img loading=\"lazy\" width=\"1024\" height=\"614\" data-id=\"352\"  src=\"\/wp-content\/uploads\/2025\/05\/FullSizeRender-1-1024x614.jpeg\" alt=\"\" class=\"wp-image-352\" srcset=\"\/wp-content\/uploads\/2025\/05\/FullSizeRender-1-1024x614.jpeg 1024w, \/wp-content\/uploads\/2025\/05\/FullSizeRender-1-300x180.jpeg 300w, \/wp-content\/uploads\/2025\/05\/FullSizeRender-1-768x460.jpeg 768w, \/wp-content\/uploads\/2025\/05\/FullSizeRender-1-1536x920.jpeg 1536w, \/wp-content\/uploads\/2025\/05\/FullSizeRender-1-2048x1227.jpeg 2048w\" sizes=\"(max-width: 1024px) 100vw, 1024px\" \/><\/a><\/figure>\n\n\n\n<figure class=\"wp-block-image size-large\"><a href=\"\/wp-content\/uploads\/2025\/05\/FullSizeRender-3-scaled.jpeg\"><img loading=\"lazy\" width=\"1024\" height=\"766\" data-id=\"354\"  src=\"\/wp-content\/uploads\/2025\/05\/FullSizeRender-3-1024x766.jpeg\" alt=\"\" class=\"wp-image-354\" srcset=\"\/wp-content\/uploads\/2025\/05\/FullSizeRender-3-1024x766.jpeg 1024w, \/wp-content\/uploads\/2025\/05\/FullSizeRender-3-300x224.jpeg 300w, \/wp-content\/uploads\/2025\/05\/FullSizeRender-3-768x574.jpeg 768w, \/wp-content\/uploads\/2025\/05\/FullSizeRender-3-1536x1149.jpeg 1536w, \/wp-content\/uploads\/2025\/05\/FullSizeRender-3-2048x1532.jpeg 2048w\" sizes=\"(max-width: 1024px) 100vw, 1024px\" \/><\/a><\/figure>\n\n\n\n<figure class=\"wp-block-image size-large\"><a href=\"\/wp-content\/uploads\/2025\/05\/FullSizeRender-2-scaled.jpeg\"><img loading=\"lazy\" width=\"1024\" height=\"736\" data-id=\"353\"  src=\"\/wp-content\/uploads\/2025\/05\/FullSizeRender-2-1024x736.jpeg\" alt=\"\" class=\"wp-image-353\" srcset=\"\/wp-content\/uploads\/2025\/05\/FullSizeRender-2-1024x736.jpeg 1024w, \/wp-content\/uploads\/2025\/05\/FullSizeRender-2-300x216.jpeg 300w, \/wp-content\/uploads\/2025\/05\/FullSizeRender-2-768x552.jpeg 768w, \/wp-content\/uploads\/2025\/05\/FullSizeRender-2-1536x1104.jpeg 1536w, \/wp-content\/uploads\/2025\/05\/FullSizeRender-2-2048x1472.jpeg 2048w\" sizes=\"(max-width: 1024px) 100vw, 1024px\" \/><\/a><\/figure>\n\n\n\n<figure class=\"wp-block-image size-large\"><a href=\"\/wp-content\/uploads\/2025\/05\/FullSizeRender-6-scaled.jpeg\"><img loading=\"lazy\" width=\"1024\" height=\"638\" data-id=\"357\"  src=\"\/wp-content\/uploads\/2025\/05\/FullSizeRender-6-1024x638.jpeg\" alt=\"\" class=\"wp-image-357\" srcset=\"\/wp-content\/uploads\/2025\/05\/FullSizeRender-6-1024x638.jpeg 1024w, \/wp-content\/uploads\/2025\/05\/FullSizeRender-6-300x187.jpeg 300w, \/wp-content\/uploads\/2025\/05\/FullSizeRender-6-768x478.jpeg 768w, \/wp-content\/uploads\/2025\/05\/FullSizeRender-6-1536x957.jpeg 1536w, \/wp-content\/uploads\/2025\/05\/FullSizeRender-6-2048x1275.jpeg 2048w\" sizes=\"(max-width: 1024px) 100vw, 1024px\" \/><\/a><\/figure>\n<\/figure>\n\n\n\n<p><\/p>\n\n\n\n<p><strong>CAMPING ST-EMMANUEL R\u00c8GLEMENTS<\/strong><\/p>\n\n\n\n<ul type=\"1\"><li><strong>Tous les r\u00e8glements devront \u00eatre respect\u00e9s, pour le bon fonctionnement du camping. Toute personne qui n\u2019observe pas ses r\u00e8glements seront expuls\u00e9e du camping.<\/strong> <\/li><li>Un <strong>ARR\u00caT OBLIGATOIRE <\/strong>est exig\u00e9 au bureau de la direction \u00e0 chaque entr\u00e9e dans le camping, afin de vous identifier, en disant <strong>votre<\/strong> <strong>nom et num\u00e9ro de terrain, <\/strong>\u00e0 d\u00e9faut la ou les personnes devront payer comme des visiteurs.<\/li><li>Un d\u00e9p\u00f4t non remboursable de 500$ est requis avant le 15 Septembre de l&#8217;ann\u00e9e pr\u00e9c\u00e9dent la saison. La balance doit \u00eatre pay\u00e9e en 2 versements, soit le 15 mai et le 15 juin de l&#8217;ann\u00e9e de location.<\/li><li>Tous d\u00e9lais \u00e0 cette date encourront des frais de 24% d&#8217;int\u00e9r\u00eats sur la balance d\u00fb par ann\u00e9e de location. Tous les ch\u00e8ques retourn\u00e9s auront des frais de manutention de 25,00$.<\/li><li><strong>IMPORTANT <\/strong>:<strong> Vous avez jusqu&#8217;au 1er janvier de l&#8217;ann\u00e9e de saison r\u00e9serv\u00e9e pour annuler votre contrat. (Aucun remboursement ne sera octroy\u00e9) Apr\u00e8s cette date, vous serez responsable de la balance compl\u00e8te du contrat. <\/strong><\/li><\/ul>\n\n\n\n<ul><li>Les visiteurs devront payer le co\u00fbt d\u2019entr\u00e9e. Les visiteurs qui d\u00e9sirent passer la nuit, devront s\u2019enregistrer avant 21h00, sinon ils devront quitter avant 23h00 en remettant le laisser-passer d\u2019entr\u00e9e au bureau de la direction.<\/li><li>Pour toute livraison ou r\u00e9paration, en camion ou autres, le locataire devra aviser la direction. Celui-ci devra escorter le camion ou autre \u00e0 son terrain et de m\u00eame \u00e0 leur sortie. <strong>Ils seront tous consid\u00e9r\u00e9s comme des visiteurs et devront payer l\u2019entr\u00e9e au camping.<\/strong><\/li><li>Il est strictement interdit aux locataires\/visiteurs\/campeurs de <strong>STATIONNER<\/strong> dans les rues ou tous autres terrains vacants dans le camping. Celles-ci devront \u00eatre stationn\u00e9es dans l\u2019entr\u00e9e du terrain du locataire ou un terrain appropri\u00e9 donn\u00e9 par la direction. \u00c0 d\u00e9faut, sans avis celles-ci seront remorqu\u00e9es au frais du locataire\/visiteur\/campeur.<\/li><li>Les locataires\/visiteurs devront respecter la surveillance, les lois de la piscine, sans oublier tous autres r\u00e8glements de la direction.<\/li><li><strong>La limite de vitesse en automobile\/bicyclette\/voiturette \u00e9lectrique ou autres dans le camping est de 8 KM \/ HEURE.<\/strong><\/li><li>Il est interdit de circuler inutilement dans le camping en automobile, voiturette \u00e9lectrique, ceci pour favoriser la tranquillit\u00e9. La direction se r\u00e9serve le droit d\u2019interdire l\u2019acc\u00e8s \u00e0 toute personne ou chose jug\u00e9 ind\u00e9sirable dans le camping.<\/li><li>Les bicyclettes sont interdites lorsque le soleil se couche, semaine et fin de semaine. La direction se r\u00e9serve le droit de confisquer celles-ci prises en infractions, pour un temps ind\u00e9termin\u00e9. Celles munis de lumi\u00e8res seront accept\u00e9e et ceci se dit pour voiturette \u00e9lectrique ou tout autre v\u00e9hicule.<\/li><li>Il est STRICTEMENT INTERDIT DE LAVER AUTOMOBILE, VOITURETTE \u00c9LECTRIQUE OU TOUT AUTRE GROS V\u00c9HICULE dans le camping. Un avertissement \u00e9crit sera donn\u00e9 au locataire en infraction.<\/li><li>Il est interdit d\u2019arroser le jour. L\u2019heure d\u2019arrosage est entre 20h00 et 23h00. N.B que nous suivons les directives de la ville.<\/li><li>Il est interdit aux 3 roues, 4 roues, motocyclettes ou tout autre v\u00e9hicule jug\u00e9 nuisible dans le camping (Sauf avec permis sp\u00e9cial).<\/li><li>Les locataires\/campeurs\/ visiteurs sont pri\u00e9s de <strong>respecter l\u2019am\u00e9nagement<\/strong> du camping (fleurs, plantes, arbres\u2026 b\u00e2timents\u2026 jeux ou autres\u2026)<\/li><li>Les parents ou personnes responsables seront responsables des dommages caus\u00e9s par leurs enfants, animaux, visiteurs ou tout autre et devront assumer les frais.<\/li><li>Tous actes de vandalisme, de vol, de fraude ou tout autre entra\u00eenera des poursuites judiciaires.<\/li><li>La direction ne sera aucunement responsable des accidents, des blessures physiques ou dommages mat\u00e9riels caus\u00e9s par le vent, &nbsp;&nbsp;&nbsp;intemp\u00e9ries, les arbres, les branches, le feu, vols, vandalismes, surcharge \u00e9lectrique ou toutes autres formes.<\/li><li>Les feux d\u2019artifices, ou toutes autres formes jug\u00e9es dangereuses sont interdites au camping.<\/li><li>Les feux de camp, foyer ou toutes autres esp\u00e8ces de feux devront \u00eatre sur surveillance et en mod\u00e9ration. Advenant une s\u00e9cheresse, grand vent ou interdiction de la ville, ils seront interdits. <strong>Les feux de foyer \u00e0 ciel ouvert sont interdits, seuls <\/strong>l<strong>es foyers ferm\u00e9s d\u2019une grandeur maximale de 30 pieds cubes sont autoris\u00e9s.<\/strong><\/li><li>Tous bruits, chants, musiques, t\u00e9l\u00e9visions, radios ou autres sons devront cesser \u00e0 23h00.<\/li><li>Les amplificateurs, syst\u00e8me de son ou tous autres appareils bruyants sont interdits au camping.<\/li><li>Il est interdit d\u2019avoir une piscine sur votre terrain.<\/li><li>Les locataires devront tenir leur terrain propre et en ordre et ce en tout temps. La direction imposera des frais pour le nettoyage ou autre, trois (3) jours suivant un avis verbale ou \u00e9cris.<\/li><li>Si la direction doit sous toute forme s\u2019occuper d\u2019un terrain lou\u00e9, des frais de $25.00 seront \u00e9mis au locataire \u00e0 chaque entretien.<\/li><li>Les contenants de d\u00e9chets (Situ\u00e9s en arri\u00e8re de la salle communautaire) sont strictement r\u00e9serv\u00e9s aux ordures m\u00e9nag\u00e8res, il est INTERDIT d\u2019y d\u00e9poser du m\u00e9tal, ferraille, cendre de foyer ou tous autres objets consid\u00e9r\u00e9s dangereux. Pour ces items, adressez vous \u00e0 la direction.<\/li><li>Le contenant \u00e0 recyclage (Situ\u00e9 de la salle communautaire) est strictement r\u00e9serv\u00e9 aux mati\u00e8res recyclables.<\/li><li>Les animaux devront \u00eatre attach\u00e9s en tout temps dans le camping et en tous lieux. Les propri\u00e9taires de ceux-ci devront ramasser les excr\u00e9ments de leurs animaux ou tous d\u00e9g\u00e2ts, sinon des frais seront \u00e9mis aux propri\u00e9taires des animaux. Tous animaux jug\u00e9s dangereux ou trop bruyants seront interdits dans le camping. Tous animaux vagabonds seront \u00e9mis au S.P.C.A (maximum de 2 animaux domestique par terrain).<\/li><li>Chaque terrain est lou\u00e9 \u00e0 un locataire seulement avec sa roulotte\/tente roulotte\/V.R. et son cabanon.<\/li><li><strong>Chaque locataire devra afficher lisiblement leur num\u00e9ro de terrain, \u00e0 ses frais, la direction se r\u00e9serve le droit de facturer le locataire si elle doit afficher elle-m\u00eame le num\u00e9ro du terrain<\/strong>.<\/li><li>Il est interdit de LOUER, SOUS-LOUER, PRETER ou DONNER sa roulotte\/tente roulotte\/V.R\u2026, sans l\u2019autorisation de la direction.<\/li><li>Tous locataires qui vendent leur roulotte\/tente roulotte\/V.R\u2026ou tous autres devront OBLIGATOIREMENT aviser la direction et celle-ci se r\u00e9serve le droit de refuser les nouveaux locataires.<\/li><li>Pour <strong>toute construction, r\u00e9novation ou ajustement,<\/strong> vous devez avoir l\u2019autorisation de la direction pour l\u2019effectuer. Cabanon\/remise ont une grandeur maximale de 64pi2 et 8\u2019 de hauteurs maximum. Ceci <strong>seulement entre le 15 Septembre et le 15 juin.<\/strong> Il est <strong>strictement interdit<\/strong> de construire une <strong>rallonge\/kitchenette ou galerie <\/strong>\u00e0 votre roulotte\/tente roulotte\/V.R\u2026 Vous devez avoir un permis \u00e9crit pour toute construction ou autres. Vous avez le droit de construire une plateforme avec une dimension maximale de 145pi2 approuv\u00e9e par la direction.<\/li><li>Le locataire doit savoir que la municipalit\u00e9\/la ville peut taxer les b\u00e2timents\/rallonges ou tout autres, et ceci sera \u00e0 la responsabilit\u00e9 du locataire seulement.<\/li><li>Les emplacements devront \u00eatre plac\u00e9s \u00e0 <strong>5\u2019pieds de la ligne de c\u00f4t\u00e9 et de 5\u2019pieds de la ligne arri\u00e8re<\/strong>, ceux-ci parall\u00e8le \u00e0 la rue.<\/li><li>Il est strictement interdit de toucher ou modifier les installations d\u2019eau, d\u2019\u00e9lectricit\u00e9 ou toutes autres installations du camping. S\u2019ils ne sont pas conformes, elles seront d\u00e9branch\u00e9es sans avis.<\/li><li>Il est permis quinze (15) lumi\u00e8res de no\u00ebl MAXIMUM par terrain, des frais additionnels seront \u00e9mis pour les lumi\u00e8res suppl\u00e9mentaires.<\/li><li>Il est interdit d\u2019avoir une tente pour plus de trois (3) jours sur votre terrain. Vous devez obligatoirement demander l\u2019autorisation de la direction.<\/li><li>Les r\u00e9frig\u00e9rateurs et laveuses\/s\u00e9cheuses ext\u00e9rieurs sont interdits, ils doivent \u00eatre \u00e0 l\u2019abri dans une remise\/cabanon\u2026<\/li><li>Tout solliciteur, vendeur ou colporteur devront avoir une autorisation \u00e9crite de la direction pour \u00eatre dans le camping.<\/li><li>Il est interdit de jouer dans les rues du camping. Tous les enfants de bas \u00e2ges ne doivent pas circuler dans le camping sans surveillance de jour comme de soir et doivent \u00eatre accompagn\u00e9 au parc. Faites attention \u00e0 vos enfants!<\/li><li>Les heures de fonctionnement dans le camping sont entre 9h00 et 20h00 durant la semaine et entre 10h00 et 20h00 la fin de semaine. Tout bruits de tondeuse, de construction, de musique ou autres formes devront cess\u00e9s imm\u00e9diatement et ceci avec avertissement \u00e9crit ou verbal, respectons le calme du camping.<\/li><li>TOUTE PERSONNE PRISE EN INFRACTION (EXC\u00c8S DE VITESSE, MUSIQUE FORTE, ETC.) LA DIRECTION SE RESERVE LE DROIT D\u2019EXPULSER OU DE NE PAS RENOUVELLER LEUR CONTRAT ET CE SANS REMBOURSEMENT.<\/li><li>TOUS LOCATAIRES, LEURS ENFANTS, LEURS VISITEURS OU AUTRES PRIS EN INFRACTION, N\u2019AYANT PAS RESPECT\u00c9LES R\u00c9GLEMENTS DU CAMPING ST-EMMANUEL, SERONT EXPULS\u00c9S IMM\u00c9DIATEMENT, SANS REMBOURSEMENT.<\/li><li>IL EST INTERDIT DE CHARGE TOUT V\u00c9HICULE \u00c9LECTRIQUE. <\/li><\/ul>\n\n\n\n<p>La direction du camping St-Emmanuel <\/p>\n\n\n\n<figure class=\"wp-container-4 wp-block-gallery-3 wp-block-gallery has-nested-images columns-default is-cropped\"><\/figure>\n","protected":false},"excerpt":{"rendered":"<p>CAMPING ST-EMMANUEL R\u00c8GLEMENTS Tous les r\u00e8glements devront \u00eatre respect\u00e9s, pour le bon fonctionnement du camping. Toute personne qui n\u2019observe pas ses r\u00e8glements seront expuls\u00e9e du camping. Un ARR\u00caT OBLIGATOIRE est exig\u00e9 au bureau de la direction \u00e0 chaque entr\u00e9e dans le camping, afin de vous identifier, en disant votre nom et num\u00e9ro de terrain, \u00e0 &hellip; <a href=\"https:\/\/campingstemmanuel.com\/?page_id=8\" class=\"more-link\">Continue reading <span class=\"screen-reader-text\">Carte des emplacements \/ Calendrier des activit\u00e9s \/ R\u00e8glements<\/span><\/a><\/p>\n","protected":false},"author":2,"featured_media":0,"parent":0,"menu_order":0,"comment_status":"closed","ping_status":"closed","template":"","meta":[],"_links":{"self":[{"href":"https:\/\/campingstemmanuel.com\/index.php?rest_route=\/wp\/v2\/pages\/8"}],"collection":[{"href":"https:\/\/campingstemmanuel.com\/index.php?rest_route=\/wp\/v2\/pages"}],"about":[{"href":"https:\/\/campingstemmanuel.com\/index.php?rest_route=\/wp\/v2\/types\/page"}],"author":[{"embeddable":true,"href":"https:\/\/campingstemmanuel.com\/index.php?rest_route=\/wp\/v2\/users\/2"}],"replies":[{"embeddable":true,"href":"https:\/\/campingstemmanuel.com\/index.php?rest_route=%2Fwp%2Fv2%2Fcomments&post=8"}],"version-history":[{"count":34,"href":"https:\/\/campingstemmanuel.com\/index.php?rest_route=\/wp\/v2\/pages\/8\/revisions"}],"predecessor-version":[{"id":358,"href":"https:\/\/campingstemmanuel.com\/index.php?rest_route=\/wp\/v2\/pages\/8\/revisions\/358"}],"wp:attachment":[{"href":"https:\/\/campingstemmanuel.com\/index.php?rest_route=%2Fwp%2Fv2%2Fmedia&parent=8"}],"curies":[{"name":"wp","href":"https:\/\/api.w.org\/{rel}","templated":true}]}}