{"id":30,"date":"2015-07-26T16:50:28","date_gmt":"2015-07-26T20:50:28","guid":{"rendered":"http:\/\/campingstemmanuel.com\/?page_id=30"},"modified":"2023-09-29T13:38:43","modified_gmt":"2023-09-29T17:38:43","slug":"accueil","status":"publish","type":"page","link":"https:\/\/campingstemmanuel.com\/","title":{"rendered":"Bienvenue  au Camping St-Emmanuel"},"content":{"rendered":"\n<p>Num\u00e9ro d&#8217;enregistrement touristique : 200513<\/p>\n\n\n<p style=\"text-align: center;\"><a href=\"\/wp-content\/uploads\/2020\/09\/entree.jpg\"><img loading=\"lazy\" class=\"size-full wp-image-244 aligncenter\" src=\"\/wp-content\/uploads\/2020\/09\/entree.jpg\" alt=\"\" width=\"7104\" height=\"3872\" srcset=\"\/wp-content\/uploads\/2020\/09\/entree.jpg 7104w, \/wp-content\/uploads\/2020\/09\/entree-300x164.jpg 300w, \/wp-content\/uploads\/2020\/09\/entree-768x419.jpg 768w, \/wp-content\/uploads\/2020\/09\/entree-1024x558.jpg 1024w\" sizes=\"(max-width: 7104px) 100vw, 7104px\" \/><\/a><\/p>\n<p><strong>Horaire de la saison<\/strong><br>\nOuverture de saison : 15 mai<br>\nFermeture de saison : 15 octobre<br>\nPossibilit\u00e9 de prolongement hors saison du 1er au 14 mai&nbsp;et du 16 au 31 octobre<\/p>\n<p><strong>Bienvenue chez-vous !<\/strong><br>\nDepuis plus de 40 ans, nous vous proposons un endroit id\u00e9al pour faire du camping. Situ\u00e9 \u00e0 Coteau-Du-Lac, pr\u00e8s d&#8217;une magnifique piste cyclable qui longe le canal Soulange.<\/p>\n<p>Pr\u00e8s de 300 emplacements disponibles d&#8217;une grandeur de 2500 pied carr\u00e9 qui sont dot\u00e9s de 3 services (eau potable de la ville, \u00e9gouts et \u00e9lectricit\u00e9 de 30 amp\u00e8res). Nouveaux terrains de 3500 pied carr\u00e9 et plus, dot\u00e9s de 3 services ( 50 amp\u00e8res, eau potable de la ville et \u00e9gouts).<\/p>\n<p>Son d\u00e9panneur et sa station d&#8217;essence Shell sont ouvert \u00e0 l&#8217;ann\u00e9e.<\/p>\n<p>L&#8217;\u00e9quipe des loisirs vous garderons anim\u00e9s durant toute la saison avec leurs nombreux programmes et activit\u00e9s.<\/p>\n<p>Au plaisir de vous accueillir!<\/p>\n<p style=\"text-align: center;\"><a href=\"\/wp-content\/uploads\/2020\/09\/parc.jpg\"><img loading=\"lazy\" class=\"size-full wp-image-248 aligncenter\" src=\"\/wp-content\/uploads\/2020\/09\/parc.jpg\" alt=\"\" width=\"1228\" height=\"772\" srcset=\"\/wp-content\/uploads\/2020\/09\/parc.jpg 1228w, \/wp-content\/uploads\/2020\/09\/parc-300x189.jpg 300w, \/wp-content\/uploads\/2020\/09\/parc-768x483.jpg 768w, \/wp-content\/uploads\/2020\/09\/parc-1024x644.jpg 1024w\" sizes=\"(max-width: 1228px) 100vw, 1228px\" \/><\/a><\/p>\n<p>&nbsp;<\/p>\n<p>&nbsp;<\/p>\n<p>&nbsp;<\/p>","protected":false},"excerpt":{"rendered":"<p>Num\u00e9ro d&#8217;enregistrement touristique : 200513 Horaire de la saison Ouverture de saison : 15 mai Fermeture de saison : 15 octobre Possibilit\u00e9 de prolongement hors saison du 1er au 14 mai&nbsp;et du 16 au 31 octobre Bienvenue chez-vous ! Depuis plus de 40 ans, nous vous proposons un endroit id\u00e9al pour faire du camping. Situ\u00e9 &hellip; <a href=\"https:\/\/campingstemmanuel.com\/\" class=\"more-link\">Continue reading <span class=\"screen-reader-text\">Bienvenue  au Camping St-Emmanuel<\/span><\/a><\/p>\n","protected":false},"author":3,"featured_media":0,"parent":0,"menu_order":0,"comment_status":"closed","ping_status":"closed","template":"","meta":[],"_links":{"self":[{"href":"https:\/\/campingstemmanuel.com\/index.php?rest_route=\/wp\/v2\/pages\/30"}],"collection":[{"href":"https:\/\/campingstemmanuel.com\/index.php?rest_route=\/wp\/v2\/pages"}],"about":[{"href":"https:\/\/campingstemmanuel.com\/index.php?rest_route=\/wp\/v2\/types\/page"}],"author":[{"embeddable":true,"href":"https:\/\/campingstemmanuel.com\/index.php?rest_route=\/wp\/v2\/users\/3"}],"replies":[{"embeddable":true,"href":"https:\/\/campingstemmanuel.com\/index.php?rest_route=%2Fwp%2Fv2%2Fcomments&post=30"}],"version-history":[{"count":32,"href":"https:\/\/campingstemmanuel.com\/index.php?rest_route=\/wp\/v2\/pages\/30\/revisions"}],"predecessor-version":[{"id":324,"href":"https:\/\/campingstemmanuel.com\/index.php?rest_route=\/wp\/v2\/pages\/30\/revisions\/324"}],"wp:attachment":[{"href":"https:\/\/campingstemmanuel.com\/index.php?rest_route=%2Fwp%2Fv2%2Fmedia&parent=30"}],"curies":[{"name":"wp","href":"https:\/\/api.w.org\/{rel}","templated":true}]}}