{"id":19,"date":"2015-07-26T16:48:22","date_gmt":"2015-07-26T20:48:22","guid":{"rendered":"http:\/\/campingstemmanuel.com\/?page_id=19"},"modified":"2025-07-26T17:16:08","modified_gmt":"2025-07-26T21:16:08","slug":"services","status":"publish","type":"page","link":"https:\/\/campingstemmanuel.com\/?page_id=19","title":{"rendered":"Services"},"content":{"rendered":"<p><strong><a href=\"\/wp-content\/uploads\/2020\/09\/lot.jpg\"><img loading=\"lazy\" class=\"alignnone size-full wp-image-251\" src=\"\/wp-content\/uploads\/2020\/09\/lot.jpg\" alt=\"\" width=\"1280\" height=\"960\" srcset=\"\/wp-content\/uploads\/2020\/09\/lot.jpg 1280w, \/wp-content\/uploads\/2020\/09\/lot-300x225.jpg 300w, \/wp-content\/uploads\/2020\/09\/lot-768x576.jpg 768w, \/wp-content\/uploads\/2020\/09\/lot-1024x768.jpg 1024w\" sizes=\"(max-width: 1280px) 100vw, 1280px\" \/><\/a><br \/>Emplacements<\/strong><br \/>Nombre d&#8217;emplacements total : 300<br \/>Types d\u2019emplacements disponibles :<br \/>Avec 3 services (eau, \u00e9go\u00fbt, \u00e9lectricit\u00e9 30 ou 50 amps)<br \/>Pr\u00e9sence d&#8217;emplacements \u00e0 entr\u00e9e directe (Pull through)<!--more--><\/p>\n<p>Emplacements voyageurs : 7%<br \/>Emplacements ombrag\u00e9s : 70%<br \/>Emplacements de 2500 pieds carr\u00e9s (50 x 50) et plus<br \/>Disponible sur les emplacements : eau potable, \u00e9lectricit\u00e9 et \u00e9gout<\/p>\n<h2 style=\"text-align: left;\"><strong><u>1 Pr\u00eat \u00e0 camper \u00e0 louer selon disponibilit\u00e9\u00a0<\/u><\/strong><\/h2>\n<h2 style=\"text-align: center;\"><strong><u><a href=\"\/wp-content\/uploads\/2025\/07\/IMG_5435-scaled.jpeg\"><img loading=\"lazy\" class=\"alignnone size-medium wp-image-360\" src=\"\/wp-content\/uploads\/2025\/07\/IMG_5435-225x300.jpeg\" alt=\"\" width=\"225\" height=\"300\" srcset=\"\/wp-content\/uploads\/2025\/07\/IMG_5435-225x300.jpeg 225w, \/wp-content\/uploads\/2025\/07\/IMG_5435-768x1024.jpeg 768w, \/wp-content\/uploads\/2025\/07\/IMG_5435-1152x1536.jpeg 1152w, \/wp-content\/uploads\/2025\/07\/IMG_5435-1536x2048.jpeg 1536w, \/wp-content\/uploads\/2025\/07\/IMG_5435-scaled.jpeg 1920w\" sizes=\"(max-width: 225px) 100vw, 225px\" \/><\/a><br \/><\/u><\/strong><span style=\"color: #ff0000;\"><strong style=\"font-size: 17px; letter-spacing: 0.1em; text-transform: uppercase;\"><u>Attention! Vous devez contacter la personne en charge de celui-ci au 514-945-6523 demander peter\u00a0<\/u><\/strong><\/span><\/h2>\n<p><strong>Services disponibles<\/strong><br \/>Bar<br \/>Machine distributrice<br \/>Anneau pour foyer<br \/>Entreposage de bateaux<br \/>Entreposage d\u2019hiver de v\u00e9hicules r\u00e9cr\u00e9atifs<br \/>Barri\u00e8re \u00e9lectrique<br \/>Gardien de s\u00e9curit\u00e9 de nuit<br \/>Journaux<br \/>Piscine<br \/>Internet WIFI de base disponible<\/p>\n<p><strong>R\u00e8glements et particularit\u00e9s<\/strong><br \/>Moto-touristes accept\u00e9s<br \/>Heure d&#8217;arriv\u00e9e des campeurs voyageurs : 14h00<br \/>Heure de d\u00e9part des campeurs voyageurs : 13h00<br \/>Feu de camp permis en mod\u00e9ration<br \/>V\u00e9los permis<\/p>\n<p><strong>Activit\u00e9s sur place et loisirs organis\u00e9s<\/strong><br \/>Terrain de soccer<br \/>Volleyball de plage<br \/>Carr\u00e9 de sable<br \/>Terrain de jeux<br \/>No\u00ebl des campeurs<br \/>F\u00eate country\/western<br \/>F\u00eate r\u00e9tro<br \/>Beach party<br \/>Vente de garage<br \/>Bingo<br \/>Danse<br \/>Discoth\u00e8que<br \/>Arts plastiques<br \/>Spectacle musical<br \/>Projection de films plein-air<br \/>Fers<br \/>Remplissage bonbonne de propane<br \/>Vente bois de chauffage<br \/>P\u00e9tanque<\/p>\n<p><strong>Activit\u00e9s \u00e0 proximit\u00e9<\/strong><br \/>P\u00eache (moins de 10 km)<br \/>Piste cyclable \u00e0 proximit\u00e9 (moins de 2 km)<br \/>Terrain de golf (moins de 10 km)<\/p>\n<p>\u00a0<\/p>\n\n\n<figure class=\"wp-container-2 wp-block-gallery-1 wp-block-gallery has-nested-images columns-default is-cropped\">\n<figure class=\"wp-block-image size-large\"><a href=\"\/wp-content\/uploads\/2020\/09\/519BC63C-B54B-4989-AFC6-4062C7324E3B.jpeg\"><img loading=\"lazy\" width=\"3264\" height=\"2448\" data-id=\"239\"  src=\"\/wp-content\/uploads\/2020\/09\/519BC63C-B54B-4989-AFC6-4062C7324E3B.jpeg\" alt=\"\" class=\"wp-image-239\" srcset=\"\/wp-content\/uploads\/2020\/09\/519BC63C-B54B-4989-AFC6-4062C7324E3B.jpeg 3264w, \/wp-content\/uploads\/2020\/09\/519BC63C-B54B-4989-AFC6-4062C7324E3B-300x225.jpeg 300w, \/wp-content\/uploads\/2020\/09\/519BC63C-B54B-4989-AFC6-4062C7324E3B-768x576.jpeg 768w, \/wp-content\/uploads\/2020\/09\/519BC63C-B54B-4989-AFC6-4062C7324E3B-1024x768.jpeg 1024w\" sizes=\"(max-width: 3264px) 100vw, 3264px\" \/><\/a><\/figure>\n<\/figure>\n\n\n\n<p><\/p>\n","protected":false},"excerpt":{"rendered":"<p>EmplacementsNombre d&#8217;emplacements total : 300Types d\u2019emplacements disponibles :Avec 3 services (eau, \u00e9go\u00fbt, \u00e9lectricit\u00e9 30 ou 50 amps)Pr\u00e9sence d&#8217;emplacements \u00e0 entr\u00e9e directe (Pull through)<\/p>\n","protected":false},"author":2,"featured_media":0,"parent":0,"menu_order":0,"comment_status":"closed","ping_status":"closed","template":"","meta":[],"_links":{"self":[{"href":"https:\/\/campingstemmanuel.com\/index.php?rest_route=\/wp\/v2\/pages\/19"}],"collection":[{"href":"https:\/\/campingstemmanuel.com\/index.php?rest_route=\/wp\/v2\/pages"}],"about":[{"href":"https:\/\/campingstemmanuel.com\/index.php?rest_route=\/wp\/v2\/types\/page"}],"author":[{"embeddable":true,"href":"https:\/\/campingstemmanuel.com\/index.php?rest_route=\/wp\/v2\/users\/2"}],"replies":[{"embeddable":true,"href":"https:\/\/campingstemmanuel.com\/index.php?rest_route=%2Fwp%2Fv2%2Fcomments&post=19"}],"version-history":[{"count":25,"href":"https:\/\/campingstemmanuel.com\/index.php?rest_route=\/wp\/v2\/pages\/19\/revisions"}],"predecessor-version":[{"id":362,"href":"https:\/\/campingstemmanuel.com\/index.php?rest_route=\/wp\/v2\/pages\/19\/revisions\/362"}],"wp:attachment":[{"href":"https:\/\/campingstemmanuel.com\/index.php?rest_route=%2Fwp%2Fv2%2Fmedia&parent=19"}],"curies":[{"name":"wp","href":"https:\/\/api.w.org\/{rel}","templated":true}]}}