{"id":15,"date":"2015-07-26T16:47:49","date_gmt":"2015-07-26T20:47:49","guid":{"rendered":"http:\/\/campingstemmanuel.com\/?page_id=15"},"modified":"2019-09-13T15:35:59","modified_gmt":"2019-09-13T19:35:59","slug":"contact","status":"publish","type":"page","link":"https:\/\/campingstemmanuel.com\/?page_id=15","title":{"rendered":"Contact"},"content":{"rendered":"<p><strong>Adresse<\/strong><br \/>\n48, chemin St-Emmanuel<br \/>\nCoteau-du-Lac, Qu\u00e9bec J0P 1B0<\/p>\n<p><strong>Nous contacter <\/strong><br \/>\nT\u00e9l\u00e9phone : 450-763-5390<br \/>\nT\u00e9l\u00e9phone hors-saison : 450-763-1934\u00a0 (entre le 15 octobre \u00a0et le 15 mai)<\/p>\n<p><strong>Facebook <\/strong><br \/>\nCamping St-Emmanuel Inc<\/p>\n<p><strong>Adresse courriel <\/strong><br \/>\ncampingstemmanuel@hotmail.com<\/p>\n<p><strong>Directions <\/strong><br \/>\nAutoroute 20 Ouest, sortie 19 (Chemin St-Emmanuel), \u00e0 droite \u00e0 l\u2019arr\u00eat, \u00e0 gauche \u00e0 la 1\u00e8re rue.<br \/>\nAutoroute 20 Est, sortie 19 (Chemin St-Emmanuel), directement en face.<\/p>\n<p><a href=\"\/wp-content\/uploads\/2015\/07\/camping-satellite.png\"><img loading=\"lazy\" class=\"alignnone size-medium wp-image-76\" src=\"\/wp-content\/uploads\/2015\/07\/camping-satellite-252x300.png\" alt=\"camping satellite\" width=\"252\" height=\"300\" srcset=\"\/wp-content\/uploads\/2015\/07\/camping-satellite-252x300.png 252w, \/wp-content\/uploads\/2015\/07\/camping-satellite.png 719w\" sizes=\"(max-width: 252px) 100vw, 252px\" \/><\/a><\/p>\n","protected":false},"excerpt":{"rendered":"<p>Adresse 48, chemin St-Emmanuel Coteau-du-Lac, Qu\u00e9bec J0P 1B0 Nous contacter T\u00e9l\u00e9phone : 450-763-5390 T\u00e9l\u00e9phone hors-saison : 450-763-1934\u00a0 (entre le 15 octobre \u00a0et le 15 mai) Facebook Camping St-Emmanuel Inc Adresse courriel campingstemmanuel@hotmail.com Directions Autoroute 20 Ouest, sortie 19 (Chemin St-Emmanuel), \u00e0 droite \u00e0 l\u2019arr\u00eat, \u00e0 gauche \u00e0 la 1\u00e8re rue. Autoroute 20 Est, sortie 19 &hellip; <a href=\"https:\/\/campingstemmanuel.com\/?page_id=15\" class=\"more-link\">Continue reading <span class=\"screen-reader-text\">Contact<\/span><\/a><\/p>\n","protected":false},"author":2,"featured_media":0,"parent":0,"menu_order":0,"comment_status":"closed","ping_status":"closed","template":"","meta":[],"_links":{"self":[{"href":"https:\/\/campingstemmanuel.com\/index.php?rest_route=\/wp\/v2\/pages\/15"}],"collection":[{"href":"https:\/\/campingstemmanuel.com\/index.php?rest_route=\/wp\/v2\/pages"}],"about":[{"href":"https:\/\/campingstemmanuel.com\/index.php?rest_route=\/wp\/v2\/types\/page"}],"author":[{"embeddable":true,"href":"https:\/\/campingstemmanuel.com\/index.php?rest_route=\/wp\/v2\/users\/2"}],"replies":[{"embeddable":true,"href":"https:\/\/campingstemmanuel.com\/index.php?rest_route=%2Fwp%2Fv2%2Fcomments&post=15"}],"version-history":[{"count":12,"href":"https:\/\/campingstemmanuel.com\/index.php?rest_route=\/wp\/v2\/pages\/15\/revisions"}],"predecessor-version":[{"id":208,"href":"https:\/\/campingstemmanuel.com\/index.php?rest_route=\/wp\/v2\/pages\/15\/revisions\/208"}],"wp:attachment":[{"href":"https:\/\/campingstemmanuel.com\/index.php?rest_route=%2Fwp%2Fv2%2Fmedia&parent=15"}],"curies":[{"name":"wp","href":"https:\/\/api.w.org\/{rel}","templated":true}]}}