{"id":12,"date":"2015-07-26T16:47:35","date_gmt":"2015-07-26T20:47:35","guid":{"rendered":"http:\/\/campingstemmanuel.com\/?page_id=12"},"modified":"2025-10-11T17:01:05","modified_gmt":"2025-10-11T21:01:05","slug":"tarif","status":"publish","type":"page","link":"https:\/\/campingstemmanuel.com\/?page_id=12","title":{"rendered":"Tarifs"},"content":{"rendered":"<p><strong>Saison 2026<\/strong><br \/>\nPrix par nuit\u00e9e 3 services : 65,00 $ **<br \/>\nPrix par semaine : 390,00 $<br \/>\nPrix par mois : 1 400,00 $<br \/>\nPrix par saison (\u00e0 partir de) : 2 350,00 $<br \/>\nLes prix inclus 2 adultes et 2 enfants ou 4 personnes<br \/>\nTaxes en sus<br \/>\n**N.B. Un minimum de 2 nuits est requis lors d&#8217;une r\u00e9servation le vendredi ou samedi.<\/p>\n<p><strong>Prix d&#8217;entr\u00e9e journalier<\/strong><br \/>\nAdulte\u00a0 : 5,00 $<br \/>\nEnfant\u00a0 : 4,00 $<\/p>\n<p><strong>Prix d&#8217;entr\u00e9e nuit\u00e9e<\/strong><br \/>\nAdulte\u00a0 : 7,00 $<br \/>\nEnfant\u00a0 : 5,00 $<\/p>\n<p><strong>Passe pour la saison<\/strong><br \/>\nAdulte\u00a0 : 80,00 $ (sp\u00e9cial 2 adultes 150,00 $)<br \/>\nEnfant\u00a0 : 55,00 $ (sp\u00e9cial 2 enfants 100,00 $)<\/p>\n<p><em>Les tarifs sont sujets \u00e0 changement sans pr\u00e9avis\u00a0et peuvent diff\u00e9rer de ceux pr\u00e9sent\u00e9s ici. En cas de diff\u00e9rence, le prix affich\u00e9 au camping a pr\u00e9s\u00e9ance.<\/em><\/p>\n<p><strong>Pour r\u00e9servation<\/strong><br \/>\nPar t\u00e9l\u00e9phone au (450) 763-5390 ou par courriel au campingstemmanuel@hotmail.com<br \/>\nUn d\u00e9p\u00f4t par carte de cr\u00e9dit de 50% est exig\u00e9 et <strong>NON-REMBOURSABLE<\/strong> lors de la r\u00e9servation.<br \/>\nLes modes de paiements accept\u00e9s sur place sont comptant ou Interac seulement.<\/p>\n<p><strong>Promotion<\/strong><br \/>\nRabais de 10% aux abonn\u00e9s de FQCC sur pr\u00e9sentation de leur carte de membre.<\/p>\n","protected":false},"excerpt":{"rendered":"<p>Saison 2026 Prix par nuit\u00e9e 3 services : 65,00 $ ** Prix par semaine : 390,00 $ Prix par mois : 1 400,00 $ Prix par saison (\u00e0 partir de) : 2 350,00 $ Les prix inclus 2 adultes et 2 enfants ou 4 personnes Taxes en sus **N.B. Un minimum de 2 nuits est &hellip; <a href=\"https:\/\/campingstemmanuel.com\/?page_id=12\" class=\"more-link\">Continue reading <span class=\"screen-reader-text\">Tarifs<\/span><\/a><\/p>\n","protected":false},"author":2,"featured_media":0,"parent":0,"menu_order":0,"comment_status":"closed","ping_status":"closed","template":"","meta":[],"_links":{"self":[{"href":"https:\/\/campingstemmanuel.com\/index.php?rest_route=\/wp\/v2\/pages\/12"}],"collection":[{"href":"https:\/\/campingstemmanuel.com\/index.php?rest_route=\/wp\/v2\/pages"}],"about":[{"href":"https:\/\/campingstemmanuel.com\/index.php?rest_route=\/wp\/v2\/types\/page"}],"author":[{"embeddable":true,"href":"https:\/\/campingstemmanuel.com\/index.php?rest_route=\/wp\/v2\/users\/2"}],"replies":[{"embeddable":true,"href":"https:\/\/campingstemmanuel.com\/index.php?rest_route=%2Fwp%2Fv2%2Fcomments&post=12"}],"version-history":[{"count":42,"href":"https:\/\/campingstemmanuel.com\/index.php?rest_route=\/wp\/v2\/pages\/12\/revisions"}],"predecessor-version":[{"id":364,"href":"https:\/\/campingstemmanuel.com\/index.php?rest_route=\/wp\/v2\/pages\/12\/revisions\/364"}],"wp:attachment":[{"href":"https:\/\/campingstemmanuel.com\/index.php?rest_route=%2Fwp%2Fv2%2Fmedia&parent=12"}],"curies":[{"name":"wp","href":"https:\/\/api.w.org\/{rel}","templated":true}]}}